{"id":611,"date":"2023-10-25T15:37:57","date_gmt":"2023-10-25T13:37:57","guid":{"rendered":"https:\/\/vpk.novatask.biz\/impressum\/"},"modified":"2023-12-11T13:27:30","modified_gmt":"2023-12-11T12:27:30","slug":"impressum","status":"publish","type":"page","link":"https:\/\/vpk.novatask.biz\/fr\/impressum\/","title":{"rendered":"Impressum"},"content":{"rendered":"\t\t<div data-elementor-type=\"wp-page\" data-elementor-id=\"611\" class=\"elementor elementor-611 elementor-55\" data-elementor-post-type=\"page\">\n\t\t\t\t<div class=\"elementor-element elementor-element-9c4ee77 e-flex e-con-boxed e-con e-parent\" data-id=\"9c4ee77\" data-element_type=\"container\">\n\t\t\t\t\t<div class=\"e-con-inner\">\n\t\t<div class=\"elementor-element elementor-element-a94fe3c e-flex e-con-boxed e-con e-child\" data-id=\"a94fe3c\" data-element_type=\"container\">\n\t\t\t\t\t<div class=\"e-con-inner\">\n\t\t\t\t<div class=\"elementor-element elementor-element-401fec7 elementor-widget elementor-widget-heading\" data-id=\"401fec7\" data-element_type=\"widget\" data-widget_type=\"heading.default\">\n\t\t\t\t<div class=\"elementor-widget-container\">\n\t\t\t\t\t<h2 class=\"elementor-heading-title elementor-size-default\">Impressum<\/h2>\t\t\t\t<\/div>\n\t\t\t\t<\/div>\n\t\t\t\t\t<\/div>\n\t\t\t\t<\/div>\n\t\t\t\t\t<\/div>\n\t\t\t\t<\/div>\n\t\t<div class=\"elementor-element elementor-element-a47a218 e-flex e-con-boxed e-con e-parent\" data-id=\"a47a218\" data-element_type=\"container\">\n\t\t\t\t\t<div class=\"e-con-inner\">\n\t\t<div class=\"elementor-element elementor-element-fef593d e-con-full e-flex e-con e-child\" data-id=\"fef593d\" data-element_type=\"container\">\n\t\t\t\t<div class=\"elementor-element elementor-element-b089b26 elementor-widget elementor-widget-heading\" data-id=\"b089b26\" data-element_type=\"widget\" data-widget_type=\"heading.default\">\n\t\t\t\t<div class=\"elementor-widget-container\">\n\t\t\t\t\t<h3 class=\"elementor-heading-title elementor-size-default\">R\u00e9daction et contenu\n<\/h3>\t\t\t\t<\/div>\n\t\t\t\t<\/div>\n\t\t\t\t<div class=\"elementor-element elementor-element-04f7bfd elementor-widget elementor-widget-text-editor\" data-id=\"04f7bfd\" data-element_type=\"widget\" data-widget_type=\"text-editor.default\">\n\t\t\t\t<div class=\"elementor-widget-container\">\n\t\t\t\t\t\t\t\t\t<p>MPA Academy Office<br \/>Gallusstrasse 33a<br \/>9501 Wil<br \/><a href=\"mailto:info@mpaacademy.ch\">info@mpaacademy.ch<\/a><br \/>Mobil +41 76 396 10 70<\/p>\n\t\t\t\t\t\t\t\t<\/div>\n\t\t\t\t<\/div>\n\t\t\t\t<\/div>\n\t\t<div class=\"elementor-element elementor-element-397ce2c e-con-full e-flex e-con e-child\" data-id=\"397ce2c\" data-element_type=\"container\">\n\t\t\t\t<div class=\"elementor-element elementor-element-bd5afb1 elementor-widget elementor-widget-heading\" data-id=\"bd5afb1\" data-element_type=\"widget\" data-widget_type=\"heading.default\">\n\t\t\t\t<div class=\"elementor-widget-container\">\n\t\t\t\t\t<h3 class=\"elementor-heading-title elementor-size-default\">R\u00e9alisation et conception<\/h3>\t\t\t\t<\/div>\n\t\t\t\t<\/div>\n\t\t\t\t<div class=\"elementor-element elementor-element-de7df26 elementor-widget elementor-widget-text-editor\" data-id=\"de7df26\" data-element_type=\"widget\" data-widget_type=\"text-editor.default\">\n\t\t\t\t<div class=\"elementor-widget-container\">\n\t\t\t\t\t\t\t\t\t<p>doppelrahm GmbH<br \/>Rotbuchstrasse 46<br \/>8037 Z\u00fcrich<br \/><a href=\"https:\/\/www.doppelrahm.ch\/\" target=\"_blank\" rel=\"noopener\">www.doppelrahm.ch<\/a><br \/><a href=\"mailto:info@doppelrahm.ch\">info@doppelrahm.ch<\/a><\/p>\n\t\t\t\t\t\t\t\t<\/div>\n\t\t\t\t<\/div>\n\t\t\t\t<\/div>\n\t\t<div class=\"elementor-element elementor-element-a63355f e-con-full e-flex e-con e-child\" data-id=\"a63355f\" data-element_type=\"container\">\n\t\t\t\t<div class=\"elementor-element elementor-element-e0d662a elementor-widget elementor-widget-heading\" data-id=\"e0d662a\" data-element_type=\"widget\" data-widget_type=\"heading.default\">\n\t\t\t\t<div class=\"elementor-widget-container\">\n\t\t\t\t\t<h3 class=\"elementor-heading-title elementor-size-default\">R\u00e9alisation technique\n<\/h3>\t\t\t\t<\/div>\n\t\t\t\t<\/div>\n\t\t\t\t<div class=\"elementor-element elementor-element-a1e968b elementor-widget elementor-widget-text-editor\" data-id=\"a1e968b\" data-element_type=\"widget\" data-widget_type=\"text-editor.default\">\n\t\t\t\t<div class=\"elementor-widget-container\">\n\t\t\t\t\t\t\t\t\t<p>Webtimal GmbH<br \/>Gundeldingerstrasse 170<br \/>4053 Basel<br \/><a href=\"https:\/\/www.webtimal.ch\/\" target=\"_blank\" rel=\"noopener\">www.webtimal.ch<\/a><br \/><a href=\"mailto:info@webtimal.ch\">info@webtimal.ch<\/a><\/p>\n\t\t\t\t\t\t\t\t<\/div>\n\t\t\t\t<\/div>\n\t\t\t\t<\/div>\n\t\t\t\t\t<\/div>\n\t\t\t\t<\/div>\n\t\t\t\t<\/div>\n\t\t","protected":false},"excerpt":{"rendered":"<p>R\u00e9daction et contenu MPA Academy OfficeGallusstrasse 33a9501 Wilinfo@mpaacademy.chMobil +41 76 396 10 70 R\u00e9alisation et conception doppelrahm GmbHRotbuchstrasse 468037 Z\u00fcrichwww.doppelrahm.chinfo@doppelrahm.ch R\u00e9alisation technique Webtimal GmbHGundeldingerstrasse 1704053 Baselwww.webtimal.chinfo@webtimal.ch<\/p>\n","protected":false},"author":1,"featured_media":0,"parent":0,"menu_order":0,"comment_status":"closed","ping_status":"closed","template":"","meta":{"footnotes":""},"class_list":["post-611","page","type-page","status-publish","hentry"],"_links":{"self":[{"href":"https:\/\/vpk.novatask.biz\/fr\/wp-json\/wp\/v2\/pages\/611","targetHints":{"allow":["GET"]}}],"collection":[{"href":"https:\/\/vpk.novatask.biz\/fr\/wp-json\/wp\/v2\/pages"}],"about":[{"href":"https:\/\/vpk.novatask.biz\/fr\/wp-json\/wp\/v2\/types\/page"}],"author":[{"embeddable":true,"href":"https:\/\/vpk.novatask.biz\/fr\/wp-json\/wp\/v2\/users\/1"}],"replies":[{"embeddable":true,"href":"https:\/\/vpk.novatask.biz\/fr\/wp-json\/wp\/v2\/comments?post=611"}],"version-history":[{"count":4,"href":"https:\/\/vpk.novatask.biz\/fr\/wp-json\/wp\/v2\/pages\/611\/revisions"}],"predecessor-version":[{"id":701,"href":"https:\/\/vpk.novatask.biz\/fr\/wp-json\/wp\/v2\/pages\/611\/revisions\/701"}],"wp:attachment":[{"href":"https:\/\/vpk.novatask.biz\/fr\/wp-json\/wp\/v2\/media?parent=611"}],"curies":[{"name":"wp","href":"https:\/\/api.w.org\/{rel}","templated":true}]}}